{"id":3260,"date":"2016-01-18T19:45:39","date_gmt":"2016-01-18T18:45:39","guid":{"rendered":"http:\/\/www.psises.it\/?page_id=3260"},"modified":"2022-01-19T16:20:23","modified_gmt":"2022-01-19T15:20:23","slug":"articoli","status":"publish","type":"page","link":"https:\/\/www.psises.it\/?page_id=3260","title":{"rendered":"Articoli"},"content":{"rendered":"<p><div class=\"fusion-fullwidth fullwidth-box fusion-builder-row-1 hundred-percent-fullwidth non-hundred-percent-height-scrolling\"  style='background-color: rgba(255,255,255,0);background-position: center center;background-repeat: no-repeat;padding-top:0px;padding-right:0px;padding-bottom:0px;padding-left:0px;margin-bottom: 30px;margin-top: 30px;border-top-width:0px;border-bottom-width:0px;border-color:#eae9e9;border-top-style:solid;border-bottom-style:solid;'><div class=\"fusion-builder-row fusion-row \"><div  class=\"fusion-layout-column fusion_builder_column fusion_builder_column_1_1 fusion-builder-column-0 fusion-one-full fusion-column-first fusion-column-last fusion-column-no-min-height 1_1\"  style='margin-top:0px;margin-bottom:0px;'><div class=\"fusion-column-wrapper\" style=\"padding: 0px 0px 0px 0px;background-position:left top;background-repeat:no-repeat;-webkit-background-size:cover;-moz-background-size:cover;-o-background-size:cover;background-size:cover;\"   data-bg-url=\"\"><div class=\"fusion-sep-clear\"><\/div><div class=\"fusion-separator fusion-full-width-sep sep-none\" style=\"margin-left: auto;margin-right: auto;margin-top:;\"><\/div><div class=\"fusion-clearfix\"><\/div><\/div><\/div><\/div><\/div><div class=\"fusion-fullwidth fullwidth-box fusion-builder-row-2 hundred-percent-fullwidth non-hundred-percent-height-scrolling\"  style='background-color: rgba(255,255,255,0);background-position: center center;background-repeat: no-repeat;padding-top:0px;padding-right:0px;padding-bottom:0px;padding-left:0px;border-top-width:0px;border-bottom-width:0px;border-color:#eae9e9;border-top-style:solid;border-bottom-style:solid;'><div class=\"fusion-builder-row fusion-row \"><div  class=\"fusion-layout-column fusion_builder_column fusion_builder_column_1_1 fusion-builder-column-1 fusion-one-full fusion-column-first fusion-column-last fusion-column-no-min-height 1_1\"  style='margin-top:0px;margin-bottom:0px;'><div class=\"fusion-column-wrapper\" style=\"padding: 0px 0px 0px 0px;background-position:left top;background-repeat:no-repeat;-webkit-background-size:cover;-moz-background-size:cover;-o-background-size:cover;background-size:cover;\"   data-bg-url=\"\"><div class=\"fusion-blog-shortcode fusion-blog-shortcode-1 fusion-blog-archive fusion-blog-layout-timeline-wrapper fusion-blog-infinite\"><div class=\"fusion-posts-container fusion-posts-container-infinite fusion-blog-rollover\" data-pages=\"43\"><div class=\"fusion-timeline-icon\"><i class=\"fusion-icon-bubbles\" style=\"color:#ebeaea;\"><\/i><\/div><div class=\"fusion-blog-layout-timeline fusion-clearfix\"><div class=\"fusion-timeline-line\" style=\"border-left:1px solid #ebeaea;border-right:1px solid #ebeaea;\"><\/div><h3 class=\"fusion-timeline-date\" style=\"background-color:#ebeaea;\">Aprile 2026<\/h3><div class=\"fusion-collapse-month\"><article id=\"blog-1-post-4279\" style=\"border-color:#ebeaea;\" class=\"fusion-post-timeline fusion-clearfix fusion-left-column post-4279 post type-post status-publish format-standard hentry category-articoli category-psicologia tag-guerra tag-onnipotenza tag-potere tag-sentire-il-limite\">\n<div class=\"fusion-post-wrapper\" style=\"background-color:rgba(255,255,255,0);\">\n\n<div class=\"fusion-post-content-wrapper\" style=\"padding:30px 25px 25px 25px;\"><div class=\"fusion-post-content post-content\"><div class=\"fusion-timeline-circle\" style=\"background-color:#ebeaea;\"><\/div><div class=\"fusion-timeline-arrow\" style=\"color:#ebeaea;\"><\/div><h2 class=\"blog-shortcode-post-title entry-title\"><a href=\"https:\/\/www.psises.it\/?p=4279\">L\u2019illusione dell\u2019onnipotenza: quando il potere perde il senso del limite<\/a><\/h2><p class=\"fusion-single-line-meta\">by <span class=\"vcard\"><span class=\"fn\"><a href=\"https:\/\/www.psises.it\/?author=2\" title=\"Articoli scritti da Pasquale Tarantini\" rel=\"author\">Pasquale Tarantini<\/a><\/span><\/span><span class=\"fusion-inline-sep\">|<\/span><span class=\"updated\" style=\"display:none;\">2026-04-26T16:18:43+02:00<\/span><span>Aprile 26th, 2026<\/span><span class=\"fusion-inline-sep\">|<\/span>Categorie: <a href=\"https:\/\/www.psises.it\/?cat=6\" rel=\"category\">Articoli<\/a>, <a href=\"https:\/\/www.psises.it\/?cat=662\" rel=\"category\">Psicologia<\/a><span class=\"fusion-inline-sep\">|<\/span><span class=\"meta-tags\">tag = <a href=\"https:\/\/www.psises.it\/?tag=guerra\" rel=\"tag\">guerra<\/a>, <a href=\"https:\/\/www.psises.it\/?tag=onnipotenza\" rel=\"tag\">onnipotenza<\/a>, <a href=\"https:\/\/www.psises.it\/?tag=potere\" rel=\"tag\">potere<\/a>, <a href=\"https:\/\/www.psises.it\/?tag=sentire-il-limite\" rel=\"tag\">sentire il limite<\/a><\/span><span class=\"fusion-inline-sep\">|<\/span><\/p><div class=\"fusion-content-sep sep-double sep-solid\" style=\"border-color:#e0dede;\"><\/div><div class=\"fusion-post-content-container\"><p>Ci sono momenti della storia in cui sembra che l\u2019essere umano dimentichi qualcosa di molto semplice: il limite. Non un limite imposto dall\u2019esterno, ma un limite interno, psicologico, che ha a che fare con la [...]<\/p><\/div><\/div><div class=\"fusion-meta-info\"><div class=\"fusion-alignleft\"><a class=\"fusion-read-more\" href=\"https:\/\/www.psises.it\/?p=4279\">Leggi di pi\u00f9<\/a><\/div><div class=\"fusion-alignright\"><a href=\"https:\/\/www.psises.it\/?p=4279#respond\"><i class=\"fusion-icon-bubbles\"><\/i>&nbsp;0<\/a><\/div><\/div><\/div><div class=\"fusion-clearfix\"><\/div><\/div>\n<\/article>\n<article id=\"blog-1-post-4267\" style=\"border-color:#ebeaea;\" class=\"fusion-post-timeline fusion-clearfix fusion-right-column post-4267 post type-post status-publish format-standard hentry category-articoli category-psicologia tag-alcol-e-droga tag-arte tag-cinema tag-eccesso-e-adolescenza tag-spettacolo\">\n<div class=\"fusion-post-wrapper\" style=\"background-color:rgba(255,255,255,0);\">\n\n<div class=\"fusion-post-content-wrapper\" style=\"padding:30px 25px 25px 25px;\"><div class=\"fusion-post-content post-content\"><div class=\"fusion-timeline-circle\" style=\"background-color:#ebeaea;\"><\/div><div class=\"fusion-timeline-arrow\" style=\"color:#ebeaea;\"><\/div><h2 class=\"blog-shortcode-post-title entry-title\"><a href=\"https:\/\/www.psises.it\/?p=4267\">Creativit\u00e0 e rischio: abitare il confine senza moralismi<\/a><\/h2><p class=\"fusion-single-line-meta\">by <span class=\"vcard\"><span class=\"fn\"><a href=\"https:\/\/www.psises.it\/?author=2\" title=\"Articoli scritti da Pasquale Tarantini\" rel=\"author\">Pasquale Tarantini<\/a><\/span><\/span><span class=\"fusion-inline-sep\">|<\/span><span class=\"updated\" style=\"display:none;\">2026-04-25T20:16:25+02:00<\/span><span>Aprile 25th, 2026<\/span><span class=\"fusion-inline-sep\">|<\/span>Categorie: <a href=\"https:\/\/www.psises.it\/?cat=6\" rel=\"category\">Articoli<\/a>, <a href=\"https:\/\/www.psises.it\/?cat=662\" rel=\"category\">Psicologia<\/a><span class=\"fusion-inline-sep\">|<\/span><span class=\"meta-tags\">tag = <a href=\"https:\/\/www.psises.it\/?tag=alcol-e-droga\" rel=\"tag\">alcol e droga<\/a>, <a href=\"https:\/\/www.psises.it\/?tag=arte\" rel=\"tag\">arte<\/a>, <a href=\"https:\/\/www.psises.it\/?tag=cinema\" rel=\"tag\">cinema<\/a>, <a href=\"https:\/\/www.psises.it\/?tag=eccesso-e-adolescenza\" rel=\"tag\">eccesso e adolescenza<\/a>, <a href=\"https:\/\/www.psises.it\/?tag=spettacolo\" rel=\"tag\">spettacolo<\/a><\/span><span class=\"fusion-inline-sep\">|<\/span><\/p><div class=\"fusion-content-sep sep-double sep-solid\" style=\"border-color:#e0dede;\"><\/div><div class=\"fusion-post-content-container\"><p>C\u2019\u00e8 un\u2019immagine che ritorna spesso quando si parla di arte: quella dell\u2019artista che vive sul bordo. Non dentro le regole, non completamente fuori, ma in una zona di confine dove le emozioni sono pi\u00f9 intense, [...]<\/p><\/div><\/div><div class=\"fusion-meta-info\"><div class=\"fusion-alignleft\"><a class=\"fusion-read-more\" href=\"https:\/\/www.psises.it\/?p=4267\">Leggi di pi\u00f9<\/a><\/div><div class=\"fusion-alignright\"><a href=\"https:\/\/www.psises.it\/?p=4267#respond\"><i class=\"fusion-icon-bubbles\"><\/i>&nbsp;0<\/a><\/div><\/div><\/div><div class=\"fusion-clearfix\"><\/div><\/div>\n<\/article>\n<article id=\"blog-1-post-4264\" style=\"border-color:#ebeaea;\" class=\"fusion-post-timeline fusion-clearfix fusion-left-column post-4264 post type-post status-publish format-standard hentry category-articoli category-psicologia tag-agiti-aggressivi tag-femminicidi tag-identita-fragile tag-violenza\">\n<div class=\"fusion-post-wrapper\" style=\"background-color:rgba(255,255,255,0);\">\n\n<div class=\"fusion-post-content-wrapper\" style=\"padding:30px 25px 25px 25px;\"><div class=\"fusion-post-content post-content\"><div class=\"fusion-timeline-circle\" style=\"background-color:#ebeaea;\"><\/div><div class=\"fusion-timeline-arrow\" style=\"color:#ebeaea;\"><\/div><h2 class=\"blog-shortcode-post-title entry-title\"><a href=\"https:\/\/www.psises.it\/?p=4264\">\u201cDove nasce la violenza: legami fragili e menti sotto pressione\u201d<\/a><\/h2><p class=\"fusion-single-line-meta\">by <span class=\"vcard\"><span class=\"fn\"><a href=\"https:\/\/www.psises.it\/?author=2\" title=\"Articoli scritti da Pasquale Tarantini\" rel=\"author\">Pasquale Tarantini<\/a><\/span><\/span><span class=\"fusion-inline-sep\">|<\/span><span class=\"updated\" style=\"display:none;\">2026-04-25T17:02:20+02:00<\/span><span>Aprile 25th, 2026<\/span><span class=\"fusion-inline-sep\">|<\/span>Categorie: <a href=\"https:\/\/www.psises.it\/?cat=6\" rel=\"category\">Articoli<\/a>, <a href=\"https:\/\/www.psises.it\/?cat=662\" rel=\"category\">Psicologia<\/a><span class=\"fusion-inline-sep\">|<\/span><span class=\"meta-tags\">tag = <a href=\"https:\/\/www.psises.it\/?tag=agiti-aggressivi\" rel=\"tag\">agiti aggressivi<\/a>, <a href=\"https:\/\/www.psises.it\/?tag=femminicidi\" rel=\"tag\">femminicidi<\/a>, <a href=\"https:\/\/www.psises.it\/?tag=identita-fragile\" rel=\"tag\">identit\u00e0 fragile<\/a>, <a href=\"https:\/\/www.psises.it\/?tag=violenza\" rel=\"tag\">violenza<\/a><\/span><span class=\"fusion-inline-sep\">|<\/span><\/p><div class=\"fusion-content-sep sep-double sep-solid\" style=\"border-color:#e0dede;\"><\/div><div class=\"fusion-post-content-container\"><p>La violenza dei nostri tempi: cosa sta succedendo? Negli ultimi mesi ci troviamo sempre pi\u00f9 spesso davanti a notizie che lasciano senza parole.Donne uccise da uomini che dicevano di amarle.Ragazzi che girano con coltelli e [...]<\/p><\/div><\/div><div class=\"fusion-meta-info\"><div class=\"fusion-alignleft\"><a class=\"fusion-read-more\" href=\"https:\/\/www.psises.it\/?p=4264\">Leggi di pi\u00f9<\/a><\/div><div class=\"fusion-alignright\"><a href=\"https:\/\/www.psises.it\/?p=4264#respond\"><i class=\"fusion-icon-bubbles\"><\/i>&nbsp;0<\/a><\/div><\/div><\/div><div class=\"fusion-clearfix\"><\/div><\/div>\n<\/article>\n<article id=\"blog-1-post-4259\" style=\"border-color:#ebeaea;\" class=\"fusion-post-timeline fusion-clearfix fusion-right-column post-4259 post type-post status-publish format-standard hentry category-articoli category-psicologia tag-adolescenza tag-educazione-sentimentale tag-psicoterapia-delladolescenza-carpi\">\n<div class=\"fusion-post-wrapper\" style=\"background-color:rgba(255,255,255,0);\">\n\n<div class=\"fusion-post-content-wrapper\" style=\"padding:30px 25px 25px 25px;\"><div class=\"fusion-post-content post-content\"><div class=\"fusion-timeline-circle\" style=\"background-color:#ebeaea;\"><\/div><div class=\"fusion-timeline-arrow\" style=\"color:#ebeaea;\"><\/div><h2 class=\"blog-shortcode-post-title entry-title\"><a href=\"https:\/\/www.psises.it\/?p=4259\">Educazione dei figli adolescenti: ruolo del padre e della madre (equilibrio, regole e relazione)<\/a><\/h2><p class=\"fusion-single-line-meta\">by <span class=\"vcard\"><span class=\"fn\"><a href=\"https:\/\/www.psises.it\/?author=2\" title=\"Articoli scritti da Pasquale Tarantini\" rel=\"author\">Pasquale Tarantini<\/a><\/span><\/span><span class=\"fusion-inline-sep\">|<\/span><span class=\"updated\" style=\"display:none;\">2026-04-23T16:51:54+02:00<\/span><span>Aprile 23rd, 2026<\/span><span class=\"fusion-inline-sep\">|<\/span>Categorie: <a href=\"https:\/\/www.psises.it\/?cat=6\" rel=\"category\">Articoli<\/a>, <a href=\"https:\/\/www.psises.it\/?cat=662\" rel=\"category\">Psicologia<\/a><span class=\"fusion-inline-sep\">|<\/span><span class=\"meta-tags\">tag = <a href=\"https:\/\/www.psises.it\/?tag=adolescenza\" rel=\"tag\">adolescenza<\/a>, <a href=\"https:\/\/www.psises.it\/?tag=educazione-sentimentale\" rel=\"tag\">educazione sentimentale<\/a>, <a href=\"https:\/\/www.psises.it\/?tag=psicoterapia-delladolescenza-carpi\" rel=\"tag\">psicoterapia dell'adolescenza carpi<\/a><\/span><span class=\"fusion-inline-sep\">|<\/span><\/p><div class=\"fusion-content-sep sep-double sep-solid\" style=\"border-color:#e0dede;\"><\/div><div class=\"fusion-post-content-container\"><p>Quando i figli iniziano a crescere, pi\u00f9 o meno alle soglie dell\u2019adolescenza, molte coppie si accorgono che quello che prima funzionava non basta pi\u00f9. Non \u00e8 solo una questione di regole o di studio. \u00c8 [...]<\/p><\/div><\/div><div class=\"fusion-meta-info\"><div class=\"fusion-alignleft\"><a class=\"fusion-read-more\" href=\"https:\/\/www.psises.it\/?p=4259\">Leggi di pi\u00f9<\/a><\/div><div class=\"fusion-alignright\"><a href=\"https:\/\/www.psises.it\/?p=4259#respond\"><i class=\"fusion-icon-bubbles\"><\/i>&nbsp;0<\/a><\/div><\/div><\/div><div class=\"fusion-clearfix\"><\/div><\/div>\n<\/article>\n<article id=\"blog-1-post-4254\" style=\"border-color:#ebeaea;\" class=\"fusion-post-timeline fusion-clearfix fusion-left-column post-4254 post type-post status-publish format-standard hentry category-articoli category-psicologia tag-coping-with-erectile-dysfunction tag-disturbi-del-desiderio-sessuale tag-human-sexual-response tag-la-qualita-dellamore tag-alberto-zucconi tag-barry-mccarthy tag-contributi-sulla-relazione-e-il-benessere-psicologico tag-difficolta-erettile tag-helen-singer-kaplan tag-william-masters-virginia-johnson tag-willy-pasini\">\n<div class=\"fusion-post-wrapper\" style=\"background-color:rgba(255,255,255,0);\">\n\n<div class=\"fusion-post-content-wrapper\" style=\"padding:30px 25px 25px 25px;\"><div class=\"fusion-post-content post-content\"><div class=\"fusion-timeline-circle\" style=\"background-color:#ebeaea;\"><\/div><div class=\"fusion-timeline-arrow\" style=\"color:#ebeaea;\"><\/div><h2 class=\"blog-shortcode-post-title entry-title\"><a href=\"https:\/\/www.psises.it\/?p=4254\">Problema \u00e8 sessuale: a chi rivolgersi? Un dialogo tra corpo e mente<\/a><\/h2><p class=\"fusion-single-line-meta\">by <span class=\"vcard\"><span class=\"fn\"><a href=\"https:\/\/www.psises.it\/?author=2\" title=\"Articoli scritti da Pasquale Tarantini\" rel=\"author\">Pasquale Tarantini<\/a><\/span><\/span><span class=\"fusion-inline-sep\">|<\/span><span class=\"updated\" style=\"display:none;\">2026-04-21T12:12:06+02:00<\/span><span>Aprile 21st, 2026<\/span><span class=\"fusion-inline-sep\">|<\/span>Categorie: <a href=\"https:\/\/www.psises.it\/?cat=6\" rel=\"category\">Articoli<\/a>, <a href=\"https:\/\/www.psises.it\/?cat=662\" rel=\"category\">Psicologia<\/a><span class=\"fusion-inline-sep\">|<\/span><span class=\"meta-tags\">tag = <a href=\"https:\/\/www.psises.it\/?tag=coping-with-erectile-dysfunction\" rel=\"tag\">*Coping with Erectile Dysfunction*<\/a>, <a href=\"https:\/\/www.psises.it\/?tag=disturbi-del-desiderio-sessuale\" rel=\"tag\">*Disturbi del desiderio sessuale*<\/a>, <a href=\"https:\/\/www.psises.it\/?tag=human-sexual-response\" rel=\"tag\">*Human Sexual Response*<\/a>, <a href=\"https:\/\/www.psises.it\/?tag=la-qualita-dellamore\" rel=\"tag\">*La qualit\u00e0 dell\u2019amore*<\/a>, <a href=\"https:\/\/www.psises.it\/?tag=alberto-zucconi\" rel=\"tag\">Alberto Zucconi<\/a>, <a href=\"https:\/\/www.psises.it\/?tag=barry-mccarthy\" rel=\"tag\">Barry McCarthy<\/a>, <a href=\"https:\/\/www.psises.it\/?tag=contributi-sulla-relazione-e-il-benessere-psicologico\" rel=\"tag\">contributi sulla relazione e il benessere psicologico<\/a>, <a href=\"https:\/\/www.psises.it\/?tag=difficolta-erettile\" rel=\"tag\">difficolt\u00e0 erettile<\/a>, <a href=\"https:\/\/www.psises.it\/?tag=helen-singer-kaplan\" rel=\"tag\">Helen Singer Kaplan<\/a>, <a href=\"https:\/\/www.psises.it\/?tag=william-masters-virginia-johnson\" rel=\"tag\">William Masters &amp; Virginia Johnson<\/a>, <a href=\"https:\/\/www.psises.it\/?tag=willy-pasini\" rel=\"tag\">Willy Pasini<\/a><\/span><span class=\"fusion-inline-sep\">|<\/span><\/p><div class=\"fusion-content-sep sep-double sep-solid\" style=\"border-color:#e0dede;\"><\/div><div class=\"fusion-post-content-container\"><p>Quando il problema \u00e8 sessuale: a chi rivolgersi davvero? Capita pi\u00f9 spesso di quanto si pensi. Un uomo arriva in studio e, dopo qualche esitazione, dice: \u201cDottore, ho un problema\u2026 finisco troppo presto.\u201d Oppure: \u201cUltimamente [...]<\/p><\/div><\/div><div class=\"fusion-meta-info\"><div class=\"fusion-alignleft\"><a class=\"fusion-read-more\" href=\"https:\/\/www.psises.it\/?p=4254\">Leggi di pi\u00f9<\/a><\/div><div class=\"fusion-alignright\"><a href=\"https:\/\/www.psises.it\/?p=4254#respond\"><i class=\"fusion-icon-bubbles\"><\/i>&nbsp;0<\/a><\/div><\/div><\/div><div class=\"fusion-clearfix\"><\/div><\/div>\n<\/article>\n<article id=\"blog-1-post-4251\" style=\"border-color:#ebeaea;\" class=\"fusion-post-timeline fusion-clearfix fusion-right-column post-4251 post type-post status-publish format-standard hentry category-articoli category-psicologia tag-carl-gustav-jung tag-gregory-bateson tag-il-sogno tag-il-sogno-nella-terapia-familiare tag-jill-savege-scharff-david-scharff tag-linterpretazione-dei-sogni tag-luomo-e-i-suoi-simboli tag-mara-selvini-palazzoli-et-al tag-paradosso-e-controparadosso tag-paul-watzlawick tag-pragmatica-della-comunicazione-umana tag-sigmund-freud tag-sogno-e-narrazioni tag-verso-unecologia-della-mente\">\n<div class=\"fusion-post-wrapper\" style=\"background-color:rgba(255,255,255,0);\">\n\n<div class=\"fusion-post-content-wrapper\" style=\"padding:30px 25px 25px 25px;\"><div class=\"fusion-post-content post-content\"><div class=\"fusion-timeline-circle\" style=\"background-color:#ebeaea;\"><\/div><div class=\"fusion-timeline-arrow\" style=\"color:#ebeaea;\"><\/div><h2 class=\"blog-shortcode-post-title entry-title\"><a href=\"https:\/\/www.psises.it\/?p=4251\">Il sogno: una storia che non \u00e8 mai solo nostra<\/a><\/h2><p class=\"fusion-single-line-meta\">by <span class=\"vcard\"><span class=\"fn\"><a href=\"https:\/\/www.psises.it\/?author=2\" title=\"Articoli scritti da Pasquale Tarantini\" rel=\"author\">Pasquale Tarantini<\/a><\/span><\/span><span class=\"fusion-inline-sep\">|<\/span><span class=\"updated\" style=\"display:none;\">2026-04-21T11:58:28+02:00<\/span><span>Aprile 21st, 2026<\/span><span class=\"fusion-inline-sep\">|<\/span>Categorie: <a href=\"https:\/\/www.psises.it\/?cat=6\" rel=\"category\">Articoli<\/a>, <a href=\"https:\/\/www.psises.it\/?cat=662\" rel=\"category\">Psicologia<\/a><span class=\"fusion-inline-sep\">|<\/span><span class=\"meta-tags\">tag = <a href=\"https:\/\/www.psises.it\/?tag=carl-gustav-jung\" rel=\"tag\">Carl Gustav Jung<\/a>, <a href=\"https:\/\/www.psises.it\/?tag=gregory-bateson\" rel=\"tag\">gregory Bateson<\/a>, <a href=\"https:\/\/www.psises.it\/?tag=il-sogno\" rel=\"tag\">il sogno<\/a>, <a href=\"https:\/\/www.psises.it\/?tag=il-sogno-nella-terapia-familiare\" rel=\"tag\">Il sogno nella terapia familiare<\/a>, <a href=\"https:\/\/www.psises.it\/?tag=jill-savege-scharff-david-scharff\" rel=\"tag\">Jill Savege Scharff &amp; David Scharff<\/a>, <a href=\"https:\/\/www.psises.it\/?tag=linterpretazione-dei-sogni\" rel=\"tag\">L\u2019interpretazione dei sogni<\/a>, <a href=\"https:\/\/www.psises.it\/?tag=luomo-e-i-suoi-simboli\" rel=\"tag\">L\u2019uomo e i suoi simboli<\/a>, <a href=\"https:\/\/www.psises.it\/?tag=mara-selvini-palazzoli-et-al\" rel=\"tag\">Mara Selvini Palazzoli et al.<\/a>, <a href=\"https:\/\/www.psises.it\/?tag=paradosso-e-controparadosso\" rel=\"tag\">Paradosso e controparadosso<\/a>, <a href=\"https:\/\/www.psises.it\/?tag=paul-watzlawick\" rel=\"tag\">Paul Watzlawick<\/a>, <a href=\"https:\/\/www.psises.it\/?tag=pragmatica-della-comunicazione-umana\" rel=\"tag\">Pragmatica della comunicazione umana<\/a>, <a href=\"https:\/\/www.psises.it\/?tag=sigmund-freud\" rel=\"tag\">Sigmund Freud<\/a>, <a href=\"https:\/\/www.psises.it\/?tag=sogno-e-narrazioni\" rel=\"tag\">sogno e narrazioni<\/a>, <a href=\"https:\/\/www.psises.it\/?tag=verso-unecologia-della-mente\" rel=\"tag\">Verso un\u2019ecologia della mente<\/a><\/span><span class=\"fusion-inline-sep\">|<\/span><\/p><div class=\"fusion-content-sep sep-double sep-solid\" style=\"border-color:#e0dede;\"><\/div><div class=\"fusion-post-content-container\"><p>Capita spesso, in studio, che qualcuno inizi cos\u00ec: \u201cStanotte ho fatto un sogno strano\u2026 non riesco a togliermelo dalla testa.\u201d E poi segue un racconto, a volte confuso, a volte vivido, quasi cinematografico. In quel [...]<\/p><\/div><\/div><div class=\"fusion-meta-info\"><div class=\"fusion-alignleft\"><a class=\"fusion-read-more\" href=\"https:\/\/www.psises.it\/?p=4251\">Leggi di pi\u00f9<\/a><\/div><div class=\"fusion-alignright\"><a href=\"https:\/\/www.psises.it\/?p=4251#respond\"><i class=\"fusion-icon-bubbles\"><\/i>&nbsp;0<\/a><\/div><\/div><\/div><div class=\"fusion-clearfix\"><\/div><\/div>\n<\/article>\n<\/div><\/div><\/div><div class=\"fusion-infinite-scroll-trigger\"><\/div><div class=\"pagination infinite-scroll clearfix\" style=\"display:none;\"><span class=\"current\">1<\/span><a href=\"https:\/\/www.psises.it\/index.php?rest_route=%2Fwp%2Fv2%2Fpages%2F3260&#038;paged=2\" class=\"inactive\">2<\/a><a class=\"pagination-next\" href=\"https:\/\/www.psises.it\/index.php?rest_route=%2Fwp%2Fv2%2Fpages%2F3260&#038;paged=2\"><span class=\"page-text\">Prossimo<\/span><span class=\"page-next\"><\/span><\/a><\/div><div class=\"fusion-clearfix\"><\/div><\/div><div class=\"fusion-clearfix\"><\/div><\/div><\/div><\/div><\/div><\/p>\n","protected":false},"excerpt":{"rendered":"<p><a href=\"https:\/\/www.psises.it\/wp-content\/uploads\/2026\/04\/7P1eGhFAVrLfAxA7WNTbXNxPiNTEq8ZTBM3jSIJx55-Zp-4LYGoPr_qF_B6QccX1DRVIabfcBJCNPCC05BLD24vSHFNxPGwIP5Ri-nSChNLkwF66p7R8_63QlysnWG8NL_q2fiZfxeqXgnFIMkc-3ZgtBJ6BSgULWDTKaBaFybJolCSPTRofF4hb5urZrC6P.jpeg\"><img loading=\"lazy\" decoding=\"async\" class=\"alignleft size-medium wp-image-4252\" src=\"https:\/\/www.psises.it\/wp-content\/uploads\/2026\/04\/7P1eGhFAVrLfAxA7WNTbXNxPiNTEq8ZTBM3jSIJx55-Zp-4LYGoPr_qF_B6QccX1DRVIabfcBJCNPCC05BLD24vSHFNxPGwIP5Ri-nSChNLkwF66p7R8_63QlysnWG8NL_q2fiZfxeqXgnFIMkc-3ZgtBJ6BSgULWDTKaBaFybJolCSPTRofF4hb5urZrC6P-300x253.jpeg\" alt=\"\" width=\"300\" height=\"253\" srcset=\"https:\/\/www.psises.it\/wp-content\/uploads\/2026\/04\/7P1eGhFAVrLfAxA7WNTbXNxPiNTEq8ZTBM3jSIJx55-Zp-4LYGoPr_qF_B6QccX1DRVIabfcBJCNPCC05BLD24vSHFNxPGwIP5Ri-nSChNLkwF66p7R8_63QlysnWG8NL_q2fiZfxeqXgnFIMkc-3ZgtBJ6BSgULWDTKaBaFybJolCSPTRofF4hb5urZrC6P-200x169.jpeg 200w, https:\/\/www.psises.it\/wp-content\/uploads\/2026\/04\/7P1eGhFAVrLfAxA7WNTbXNxPiNTEq8ZTBM3jSIJx55-Zp-4LYGoPr_qF_B6QccX1DRVIabfcBJCNPCC05BLD24vSHFNxPGwIP5Ri-nSChNLkwF66p7R8_63QlysnWG8NL_q2fiZfxeqXgnFIMkc-3ZgtBJ6BSgULWDTKaBaFybJolCSPTRofF4hb5urZrC6P-300x253.jpeg 300w, https:\/\/www.psises.it\/wp-content\/uploads\/2026\/04\/7P1eGhFAVrLfAxA7WNTbXNxPiNTEq8ZTBM3jSIJx55-Zp-4LYGoPr_qF_B6QccX1DRVIabfcBJCNPCC05BLD24vSHFNxPGwIP5Ri-nSChNLkwF66p7R8_63QlysnWG8NL_q2fiZfxeqXgnFIMkc-3ZgtBJ6BSgULWDTKaBaFybJolCSPTRofF4hb5urZrC6P-400x338.jpeg 400w, https:\/\/www.psises.it\/wp-content\/uploads\/2026\/04\/7P1eGhFAVrLfAxA7WNTbXNxPiNTEq8ZTBM3jSIJx55-Zp-4LYGoPr_qF_B6QccX1DRVIabfcBJCNPCC05BLD24vSHFNxPGwIP5Ri-nSChNLkwF66p7R8_63QlysnWG8NL_q2fiZfxeqXgnFIMkc-3ZgtBJ6BSgULWDTKaBaFybJolCSPTRofF4hb5urZrC6P-600x507.jpeg 600w, https:\/\/www.psises.it\/wp-content\/uploads\/2026\/04\/7P1eGhFAVrLfAxA7WNTbXNxPiNTEq8ZTBM3jSIJx55-Zp-4LYGoPr_qF_B6QccX1DRVIabfcBJCNPCC05BLD24vSHFNxPGwIP5Ri-nSChNLkwF66p7R8_63QlysnWG8NL_q2fiZfxeqXgnFIMkc-3ZgtBJ6BSgULWDTKaBaFybJolCSPTRofF4hb5urZrC6P-768x649.jpeg 768w, https:\/\/www.psises.it\/wp-content\/uploads\/2026\/04\/7P1eGhFAVrLfAxA7WNTbXNxPiNTEq8ZTBM3jSIJx55-Zp-4LYGoPr_qF_B6QccX1DRVIabfcBJCNPCC05BLD24vSHFNxPGwIP5Ri-nSChNLkwF66p7R8_63QlysnWG8NL_q2fiZfxeqXgnFIMkc-3ZgtBJ6BSgULWDTKaBaFybJolCSPTRofF4hb5urZrC6P-800x676.jpeg 800w, https:\/\/www.psises.it\/wp-content\/uploads\/2026\/04\/7P1eGhFAVrLfAxA7WNTbXNxPiNTEq8ZTBM3jSIJx55-Zp-4LYGoPr_qF_B6QccX1DRVIabfcBJCNPCC05BLD24vSHFNxPGwIP5Ri-nSChNLkwF66p7R8_63QlysnWG8NL_q2fiZfxeqXgnFIMkc-3ZgtBJ6BSgULWDTKaBaFybJolCSPTRofF4hb5urZrC6P.jpeg 900w\" sizes=\"auto, (max-width: 300px) 100vw, 300px\" \/><\/a>Capita spesso, in studio, che qualcuno inizi cos\u00ec:<br \/>\n\u201cStanotte ho fatto un sogno strano\u2026 non riesco a togliermelo dalla testa.\u201d<\/p>\n<p>E poi segue un racconto, a volte confuso, a volte vivido, quasi cinematografico. In quel momento non siamo di fronte a qualcosa di secondario o marginale. Il sogno arriva l\u00ec, tra terapeuta e paziente, come una storia che chiede di essere ascoltata.<\/p>\n<p>Per molto tempo, il modo pi\u00f9 conosciuto di avvicinarsi ai sogni \u00e8 stato quello proposto da Sigmund Freud. Freud ha avuto il merito di prendere sul serio il sogno, di dirci che non \u00e8 un fenomeno casuale, ma qualcosa che parla di noi. Secondo lui, il sogno \u00e8 una strada privilegiata verso l\u2019inconscio, un modo attraverso cui desideri nascosti, pensieri non accettabili o emozioni difficili trovano una forma, anche se mascherata.<\/p>\n<p>Questa idea ha aperto una porta importante. Ha insegnato a generazioni di terapeuti e pazienti che il sogno merita attenzione, che dentro c\u2019\u00e8 qualcosa da capire. Eppure, &hellip; <a href=\"https:\/\/www.psises.it\/?p=4251\" class=\"read-more\">continua... <\/a><\/p>","protected":false},"author":1,"featured_media":0,"parent":0,"menu_order":0,"comment_status":"closed","ping_status":"closed","template":"","meta":{"footnotes":""},"class_list":["post-3260","page","type-page","status-publish","hentry"],"_links":{"self":[{"href":"https:\/\/www.psises.it\/index.php?rest_route=\/wp\/v2\/pages\/3260","targetHints":{"allow":["GET"]}}],"collection":[{"href":"https:\/\/www.psises.it\/index.php?rest_route=\/wp\/v2\/pages"}],"about":[{"href":"https:\/\/www.psises.it\/index.php?rest_route=\/wp\/v2\/types\/page"}],"author":[{"embeddable":true,"href":"https:\/\/www.psises.it\/index.php?rest_route=\/wp\/v2\/users\/1"}],"replies":[{"embeddable":true,"href":"https:\/\/www.psises.it\/index.php?rest_route=%2Fwp%2Fv2%2Fcomments&post=3260"}],"version-history":[{"count":14,"href":"https:\/\/www.psises.it\/index.php?rest_route=\/wp\/v2\/pages\/3260\/revisions"}],"predecessor-version":[{"id":4028,"href":"https:\/\/www.psises.it\/index.php?rest_route=\/wp\/v2\/pages\/3260\/revisions\/4028"}],"wp:attachment":[{"href":"https:\/\/www.psises.it\/index.php?rest_route=%2Fwp%2Fv2%2Fmedia&parent=3260"}],"curies":[{"name":"wp","href":"https:\/\/api.w.org\/{rel}","templated":true}]}}